{"id":266,"date":"2017-07-24T15:55:22","date_gmt":"2017-07-24T15:55:22","guid":{"rendered":"http:\/\/media.speckproducts.eu\/?page_id=266"},"modified":"2017-08-15T09:34:33","modified_gmt":"2017-08-15T09:34:33","slug":"presidio-clear-neon-fr","status":"publish","type":"page","link":"http:\/\/media.speckproducts.eu\/index.php\/presidio-clear-neon-fr\/","title":{"rendered":"Presidio CLEAR NEON FR"},"content":{"rendered":"<p><img loading=\"lazy\" decoding=\"async\" class=\"alignnone size-full wp-image-121\" src=\"http:\/\/media.speckproducts.eu\/blog\/wp-content\/uploads\/2017\/07\/Neon-graphic.jpg\" alt=\"\" width=\"1000\" height=\"440\" \/><\/p>\n<p>Juste \u00e0 temps pour l&#8217;\u00e9t\u00e9, les coques Presidio CLEAR NEON offrent la protection sup\u00e9rieure de nos coque Presidio CLEAR avec des couleurs n\u00e9ons vibrantes et tendances. La finition mate des coques Shocking Pink, Lightning Yellow et Tangerine Orange r\u00e9siste aux rayures pour maintenir une apparence parfaite. Une couche d&#8217;IMPACTIUM\u2122 CLEAR tapisse l&#8217;int\u00e9rieur de la coque afin de prot\u00e9ger des chutes jusqu\u2019\u00e0 2.44 m\u00e8tre.<\/p>\n<p>Les couleurs vives des coques donnent l&#8217;impression de briller au soleil, mais elles conviennent parfaitement sous toutes lumi\u00e8res. Refl\u00e9tant parfaitement les tendances estivales, ces coques fines offrent une protection sup\u00e9rieure contre toutes chutes et rayures<\/p>\n<p>Presidio CLEAR NEON est disponible pour iPhone 1\/6s\/6, iPhone 7 Plus\/6s Plus\/6 Plus, Samsung Galaxy S8, et Samsung Galaxy S8+.<img loading=\"lazy\" decoding=\"async\" class=\"alignnone size-full wp-image-122\" src=\"http:\/\/media.speckproducts.eu\/blog\/wp-content\/uploads\/2017\/07\/Family_Neon_iPhone7.jpg\" alt=\"\" width=\"900\" height=\"900\" \/><\/p>\n<h3>Presidio CLEAR NEON Caract\u00e9ristiques<\/h3>\n<ul>\n<li><strong>Test\u00e9e contre des chutes de plus de 2 m\u00e8tres:<\/strong>\u00a0Afin de garantir que la coque offre la protection ultime, elle a \u00e9t\u00e9 test\u00e9e lors de multiples chutes de plus de 2.44 m\u00e8tres.<\/li>\n<li><b>IMPACTIUM\u2122 CLEAR:<\/b>\u00a0IMPACTIUM CLEAR est un mat\u00e9riau dynamique qui tapisse l&#8217;int\u00e9rieur de la coque et absorbe et disperse les chocs lors des impacts que subit votre smartphone.<\/li>\n<li><b>Couleurs n\u00e9ons vibrantes:\u00a0<\/b>Couleurs n\u00e9ons fortes et satur\u00e9es, magnifique sous toutes lumi\u00e8re et sur n&#8217;importe quel smartphone.<\/li>\n<li><b>R\u00e9siste aux rayures:<\/b>\u00a0La nouvelle finition matte de la coque Presidio r\u00e9siste aux rayures tout en offrant un style moderne.<\/li>\n<\/ul>\n<h3>Images<\/h3>\n<p><a href=\"http:\/\/media.speckproducts.com\/blog\/wp-content\/uploads\/2017\/05\/Presidio-CLEAR-NEON-iPhone-7.zip\">Presidio CLEAR NEON pour iPhone 7<\/a><\/p>\n<p><a href=\"http:\/\/media.speckproducts.com\/blog\/wp-content\/uploads\/2017\/05\/Presidio-CLEAR-NEON-iPhone-7-Plus.zip\">Presidio CLEAR NEON pour iPhone 7 Plus<\/a><\/p>\n<p><a href=\"http:\/\/media.speckproducts.com\/blog\/wp-content\/uploads\/2017\/05\/Presidio-CLEAR-NEON-Samsung-Galaxy-S8.zip\">Presidio CLEAR NEON pour Samsung Galaxy S8<\/a><\/p>\n<p><a href=\"http:\/\/media.speckproducts.com\/blog\/wp-content\/uploads\/2017\/05\/Presidio-CLEAR-NEON-Samsung-Galaxy-S8-1.zip\">Presidio CLEAR NEON pour Samsung Galaxy S8+<\/a><\/p>\n","protected":false},"excerpt":{"rendered":"<p>Juste \u00e0 temps pour l&#8217;\u00e9t\u00e9, les coques Presidio CLEAR NEON offrent la protection sup\u00e9rieure de nos coque Presidio CLEAR avec des couleurs n\u00e9ons vibrantes et tendances. La finition mate des coques Shocking Pink, Lightning Yellow et Tangerine Orange r\u00e9siste aux rayures pour maintenir une apparence parfaite. Une couche d&#8217;IMPACTIUM\u2122 CLEAR tapisse l&#8217;int\u00e9rieur de la coque &hellip;<\/p>\n","protected":false},"author":5,"featured_media":0,"parent":0,"menu_order":0,"comment_status":"closed","ping_status":"closed","template":"","meta":{"footnotes":""},"class_list":["post-266","page","type-page","status-publish","hentry"],"_links":{"self":[{"href":"http:\/\/media.speckproducts.eu\/index.php\/wp-json\/wp\/v2\/pages\/266","targetHints":{"allow":["GET"]}}],"collection":[{"href":"http:\/\/media.speckproducts.eu\/index.php\/wp-json\/wp\/v2\/pages"}],"about":[{"href":"http:\/\/media.speckproducts.eu\/index.php\/wp-json\/wp\/v2\/types\/page"}],"author":[{"embeddable":true,"href":"http:\/\/media.speckproducts.eu\/index.php\/wp-json\/wp\/v2\/users\/5"}],"replies":[{"embeddable":true,"href":"http:\/\/media.speckproducts.eu\/index.php\/wp-json\/wp\/v2\/comments?post=266"}],"version-history":[{"count":9,"href":"http:\/\/media.speckproducts.eu\/index.php\/wp-json\/wp\/v2\/pages\/266\/revisions"}],"predecessor-version":[{"id":361,"href":"http:\/\/media.speckproducts.eu\/index.php\/wp-json\/wp\/v2\/pages\/266\/revisions\/361"}],"wp:attachment":[{"href":"http:\/\/media.speckproducts.eu\/index.php\/wp-json\/wp\/v2\/media?parent=266"}],"curies":[{"name":"wp","href":"https:\/\/api.w.org\/{rel}","templated":true}]}}