{"id":304,"date":"2017-08-03T08:55:02","date_gmt":"2017-08-03T08:55:02","guid":{"rendered":"http:\/\/media.speckproducts.eu\/?page_id=304"},"modified":"2018-06-15T15:18:07","modified_gmt":"2018-06-15T15:18:07","slug":"samsung-galaxy-s8-s8","status":"publish","type":"page","link":"http:\/\/media.speckproducts.eu\/index.php\/deutsch\/samsung-galaxy-s8-s8\/","title":{"rendered":"Samsung Galaxy S8 &#038; S8+"},"content":{"rendered":"<p><img loading=\"lazy\" decoding=\"async\" class=\"alignnone size-full wp-image-37\" src=\"http:\/\/34.203.67.151\/blog\/wp-content\/uploads\/2017\/05\/GS8_international_banner.jpg\" alt=\"\" width=\"900\" height=\"402\" \/><\/p>\n<p>Presidio gilt als Specks schlankstes Sortiment an H\u00fcllen und ist nun f\u00fcr das Samsung Galaxy S8 und S8+ erh\u00e4ltlich. Dank IMPACTIUM\u2122, einem dynamischen, sto\u00dfabd\u00e4mpfenden Gummi, bietet jede H\u00fclle hochwertigen Schutz, wobei sie zus\u00e4tzlich auch 20% weniger sperrig ist als je zuvor.<\/p>\n<p><strong>Hauptmerkmale:<\/strong><\/p>\n<ul>\n<li>Sturzgetestet aus H\u00f6hen von 3 Metern und 2 Metern<\/li>\n<li>Mattes und gl\u00e4nzendes, kratzbest\u00e4ndiges Finish<\/li>\n<li>Eingeschr\u00e4nkte Lebensdauergarantie<\/li>\n<li>Presidio-H\u00fcllen sind 20% schlanker im Vergleich zu fr\u00fcheren H\u00fcllen.<\/li>\n<\/ul>\n<hr \/>\n<h2 style=\"text-align: center;\"><span style=\"color: #00aedb;\">Bester, schlanker Schutz mit IMPACTIUM\u2122<\/span><\/h2>\n<p><img loading=\"lazy\" decoding=\"async\" class=\"size-full wp-image-39 aligncenter\" src=\"http:\/\/34.203.67.151\/blog\/wp-content\/uploads\/2017\/05\/10Ft_Slim-07_intl_GS8.jpg\" alt=\"\" width=\"800\" height=\"800\" \/><\/p>\n<p>Alle Presidio H\u00fcllen enthalten IMPACTIUM\u2122, ein dynamisches, sto\u00dfd\u00e4mpfendes Gummi:<\/p>\n<ul>\n<li><strong>Presidio,<\/strong> <strong>Presidio GRIP,<\/strong> <strong>Presidio INKED <\/strong>und <strong>Presidio WALLET <\/strong>sind mit der IMPACTIUM\u2122 Aufprallbarriere ausgestattet, einer Reihe an Kanten im Inneren der H\u00fclle, die sich bei einem Fall komprimiert und somit die bei einem Sto\u00df einwirkenden Kr\u00e4fte abfedert bzw. verteilt.<\/li>\n<li><strong>Presidio CLEAR<\/strong>, <strong>Presidio<\/strong> <strong>CLEAR + GLITTER<\/strong>\u00a0und <strong>Presidio<\/strong> <strong>CLEAR + PRINT<\/strong> verf\u00fcgen \u00fcber IMPACTIUM\u2122 CLEAR im Inneren der H\u00fclle, das die bei einem Sto\u00df einwirkenden Kr\u00e4fte abfedert bzw. verteilt.<\/li>\n<li>Um nicht st\u00f6rend zu wirken enth\u00e4lt die Presidio Clear keine Aufprallbarriere. Somit steht Ihr Handy immer im Mittelpunkt.<\/li>\n<\/ul>\n<h2 style=\"text-align: center;\"><span style=\"color: #00aedb;\">Gepr\u00fcfter Fallschutz<\/span><\/h2>\n<p><img loading=\"lazy\" decoding=\"async\" class=\"aligncenter size-full wp-image-40\" src=\"http:\/\/34.203.67.151\/blog\/wp-content\/uploads\/2017\/05\/droptest.jpg\" alt=\"\" width=\"427\" height=\"292\" \/><\/p>\n<ul>\n<li><strong>Presidio<\/strong> und <strong>Presidio GRIP<\/strong> wurden mehrmals von einem unabh\u00e4ngigen Labor aus H\u00f6hen von bis zu 3 Metern getestet.<\/li>\n<li><strong>Presidio CLEAR, Presidio CLEAR + GLITTER<\/strong>\u00a0und <strong>Presidio CLEAR + PRINT<\/strong> wurden aus 2 Metern H\u00f6he getestet, weil sie mit keiner Schock-Barriere ausgestattet sind.<\/li>\n<\/ul>\n<hr \/>\n<h2 style=\"text-align: left;\"><span style=\"color: #57595c;\">PRESIDIO H\u00dcLLEN F\u00dcR SAMSUNG GALAXY S8 &amp; S8+<\/span><\/h2>\n<figure id=\"attachment_42\" aria-describedby=\"caption-attachment-42\" style=\"width: 600px\" class=\"wp-caption alignleft\"><a href=\"http:\/\/34.203.67.151\/blog\/wp-content\/uploads\/2017\/05\/Presidio-Family_Samsung_Galaxy_S8.jpg\"><img loading=\"lazy\" decoding=\"async\" class=\"wp-image-42\" src=\"http:\/\/34.203.67.151\/blog\/wp-content\/uploads\/2017\/05\/Presidio-Family_Samsung_Galaxy_S8.jpg\" alt=\"Presidio for Galaxy S8\" width=\"600\" height=\"600\" \/><\/a><figcaption id=\"caption-attachment-42\" class=\"wp-caption-text\">Presidio f\u00fcr Galaxy S8. Klicken Sie, um den Download zu starten.<\/figcaption><\/figure>\n<h3>Presidio<\/h3>\n<ul>\n<li><strong>Bester, schlanker Schutz:<\/strong> Das Presidio Sortiment ist Specks bisher schlankstes und sicherstes H\u00fcllenangebot und ist dabei 20% weniger sperrig als vorherige Modelle.<\/li>\n<li><b>Aufprallschutz aus bis zu <\/b><strong>3 Metern:<\/strong> Die H\u00fcllen sch\u00fctzen Ihr Handy aus H\u00f6hen von bis zu 3 Metern. Somit ist Ihr Handy immer sicher.<\/li>\n<li><strong>IMPACTIUM\u2122 Aufprallbarriere:<\/strong> Bei einem Fall werden die einwirkenden Kr\u00e4fte\u00a0von dem brandneuen, innovativen Material abgefedert und verteilt. Das Material ist in Form kleiner Kanten am Inneren der H\u00fclle eingelassen, die sich beim Aufprall komprimieren.<\/li>\n<\/ul>\n<p><a href=\"http:\/\/34.203.67.151\/blog\/wp-content\/uploads\/2017\/05\/HoundGripFam002INTL.jpg\"><img loading=\"lazy\" decoding=\"async\" class=\"wp-image-43\" src=\"http:\/\/34.203.67.151\/blog\/wp-content\/uploads\/2017\/05\/HoundGripFam002INTL.jpg\" alt=\"Presidio GRIP for Galaxy S8.\" width=\"600\" height=\"600\" \/><\/a><\/p>\n<h3>Presidio GRIP<\/h3>\n<ul>\n<li><strong>Rutschfester Griff:<\/strong> Egal wie man das Handy h\u00e4lt, bietet die erh\u00f6hte Gummi-Einfassung den ultimativen rutschfesten Halt. Sei es beim Schreiben einer SMS, beim Spielen oder beim Fotografieren.<\/li>\n<li><b>Fallschutz aus bis zu <\/b><strong>3 Metern:<\/strong> Die H\u00fclle sch\u00fctzt Handys bei St\u00fcrzen aus bis zu 3 Metern, damit Sie immer sicher unterwegs sein k\u00f6nnen.<\/li>\n<li><strong>IMPACTIUM\u2122 Aufprallbarriere:<\/strong> Bei einem Fall werden die einwirkenden Kr\u00e4fte von dem brandneuen, innovativen Material abgefedert und verteilt. IMPACTIUM\u2122-Kanten sind am Inneren der H\u00fclle eingelassen und komprimieren sich beim Aufprall.<\/li>\n<\/ul>\n<p><a href=\"http:\/\/34.203.67.151\/blog\/wp-content\/uploads\/2017\/05\/Presidio-CLEAR-Family_Samsung_Galaxy_S8.jpg\"><img loading=\"lazy\" decoding=\"async\" class=\"wp-image-41\" src=\"http:\/\/34.203.67.151\/blog\/wp-content\/uploads\/2017\/05\/Presidio-CLEAR-Family_Samsung_Galaxy_S8.jpg\" alt=\"Presidio CLEAR, Presidio CLEAR + GLITTER, and Presidio CLEAR + PRINT for Galaxy S8.\" width=\"600\" height=\"600\" \/><\/a><\/p>\n<h3>Presidio CLEAR<\/h3>\n<ul>\n<li><strong>Vergilbungsbest\u00e4ndig: <\/strong>Presidio CLEARs speziell entwickeltes Material, IMPACTIUM\u2122 CLEAR, ist vergilbungsbest\u00e4ndig.<\/li>\n<li><strong>Getestet aus 2 Metern: <\/strong>Die H\u00fclle sch\u00fctzt Handys bei St\u00fcrzen aus bis zu 2 Metern, damit Sie immer sicher unterwegs sein k\u00f6nnen.<\/li>\n<li><b>IMPACTIUM\u2122 CLEAR:<\/b> Presidio CLEAR verf\u00fcgt \u00fcber ein innovatives, sto\u00dfd\u00e4mpfendes Material namens IMPACTIUM\u2122 CLEAR, das die beim Sturz einwirkenden Kr\u00e4fte abfedert und verteilt.<\/li>\n<\/ul>\n<h3>Presidio CLEAR + GLITTER<\/h3>\n<ul>\n<li><strong>Eingebettete Glitter-Kristalle:<\/strong> Glitter-Kristalle sind im \u00c4u\u00dferen der H\u00fclle eingelassen und sorgen f\u00fcr einen schillernden, vollfl\u00e4chigen Schimmer, der sich nie abnutzt.<\/li>\n<li><strong>Getestet aus 2 Metern:<\/strong> Die H\u00fclle sch\u00fctzt Handys bei St\u00fcrzen aus 2 Metern, damit Sie immer sicher unterwegs sein k\u00f6nnen.<\/li>\n<li><strong>IMPACTIUM\u2122 CLEAR:<\/strong> Presidio CLEAR + GLITTER H\u00fcllen verf\u00fcgen \u00fcber ein innovatives, sto\u00dfd\u00e4mpfendes Material namens IMPACTIUM\u2122 CLEAR, das die beim Sturz einwirkenden Kr\u00e4fte abfedert und verteilt.<\/li>\n<\/ul>\n<h3>Presidio CLEAR + PRINT<\/h3>\n<ul>\n<li><strong>Eingelassene Drucke: <\/strong>Ausgefallene\u00a0Designs, die zwischen der harten und weichen, durchsichtigen Schichten eingelassen sind, tragen zur Pers\u00f6nlichkeit des Handys bei, wobei die originelle Sch\u00f6nheit des Handys immer noch im Vordergrund steht.<\/li>\n<li><strong>Getestet aus 2 Metern:<\/strong> Die H\u00fclle sch\u00fctzt Handys bei St\u00fcrzen aus bis zu 2 Metern, damit Sie immer sicher unterwegs sein k\u00f6nnen.<\/li>\n<li><strong>IMPACTIUM\u2122 CLEAR:<\/strong> Presidio CLEAR + PRINT H\u00fcllen verf\u00fcgen \u00fcber ein innovatives, sto\u00dfd\u00e4mpfendes Material namens IMPACTIUM\u2122 CLEAR, das die beim Sturz einwirkenden Kr\u00e4fte abfedert und verteilt.<\/li>\n<li><strong>UV- und Vergilbungsbest\u00e4ndig:<\/strong> Presidio CLEAR + PRINTs speziell entwickeltes Material, IMPACTIUM\u2122 CLEAR, ist resistent gegen UV-Strahlen und vergilbt nicht.<\/li>\n<\/ul>\n<hr \/>\n<h2 style=\"text-align: left;\"><span style=\"color: #57595c;\">Presidio Samsung Galaxy S8 &amp; S8+<\/span><\/h2>\n<p><a href=\"http:\/\/34.203.67.151\/blog\/wp-content\/uploads\/2017\/05\/Speck-Presidio-Samsung-Galaxy-S8-Press-INTL.zip\">Samsung Galaxy S8. Click to download.<\/a><\/p>\n<p><a href=\"http:\/\/34.203.67.151\/blog\/wp-content\/uploads\/2017\/05\/Speck-Presidio-Samsung-Galaxy-S8-INTL.zip\">Samsung Galaxy S8+. Click to download.<\/a><\/p>\n","protected":false},"excerpt":{"rendered":"<p>Presidio gilt als Specks schlankstes Sortiment an H\u00fcllen und ist nun f\u00fcr das Samsung Galaxy S8 und S8+ erh\u00e4ltlich. Dank IMPACTIUM\u2122, einem dynamischen, sto\u00dfabd\u00e4mpfenden Gummi, bietet jede H\u00fclle hochwertigen Schutz, wobei sie zus\u00e4tzlich auch 20% weniger sperrig ist als je zuvor. Hauptmerkmale: Sturzgetestet aus H\u00f6hen von 3 Metern und 2 Metern Mattes und gl\u00e4nzendes, kratzbest\u00e4ndiges &hellip;<\/p>\n","protected":false},"author":5,"featured_media":0,"parent":75,"menu_order":0,"comment_status":"closed","ping_status":"closed","template":"","meta":{"footnotes":""},"class_list":["post-304","page","type-page","status-publish","hentry"],"_links":{"self":[{"href":"http:\/\/media.speckproducts.eu\/index.php\/wp-json\/wp\/v2\/pages\/304","targetHints":{"allow":["GET"]}}],"collection":[{"href":"http:\/\/media.speckproducts.eu\/index.php\/wp-json\/wp\/v2\/pages"}],"about":[{"href":"http:\/\/media.speckproducts.eu\/index.php\/wp-json\/wp\/v2\/types\/page"}],"author":[{"embeddable":true,"href":"http:\/\/media.speckproducts.eu\/index.php\/wp-json\/wp\/v2\/users\/5"}],"replies":[{"embeddable":true,"href":"http:\/\/media.speckproducts.eu\/index.php\/wp-json\/wp\/v2\/comments?post=304"}],"version-history":[{"count":8,"href":"http:\/\/media.speckproducts.eu\/index.php\/wp-json\/wp\/v2\/pages\/304\/revisions"}],"predecessor-version":[{"id":643,"href":"http:\/\/media.speckproducts.eu\/index.php\/wp-json\/wp\/v2\/pages\/304\/revisions\/643"}],"up":[{"embeddable":true,"href":"http:\/\/media.speckproducts.eu\/index.php\/wp-json\/wp\/v2\/pages\/75"}],"wp:attachment":[{"href":"http:\/\/media.speckproducts.eu\/index.php\/wp-json\/wp\/v2\/media?parent=304"}],"curies":[{"name":"wp","href":"https:\/\/api.w.org\/{rel}","templated":true}]}}