{"id":521,"date":"2018-01-04T11:48:56","date_gmt":"2018-01-04T11:48:56","guid":{"rendered":"http:\/\/media.speckproducts.eu\/?page_id=521"},"modified":"2018-06-19T09:55:19","modified_gmt":"2018-06-19T09:55:19","slug":"presidio-mount-pressemappe","status":"publish","type":"page","link":"http:\/\/media.speckproducts.eu\/index.php\/deutsch\/presidio-mount-pressemappe\/","title":{"rendered":"Presidio Mount Pressemappe"},"content":{"rendered":"<p><a href=\"http:\/\/media.speckproducts.eu\/blog\/wp-content\/uploads\/2018\/01\/header-1.jpg\"><img loading=\"lazy\" decoding=\"async\" class=\"aligncenter size-full wp-image-533\" src=\"http:\/\/media.speckproducts.eu\/blog\/wp-content\/uploads\/2018\/01\/header-1.jpg\" alt=\"\" width=\"945\" height=\"583\" \/><\/a><\/p>\n<p>Presidio MOUNT ist eine Schutzh\u00fclle, die in Partnerschaft mit Scosche, dem f\u00fchrenden Hersteller von Magnethalterungen f\u00fcr Mobilger\u00e4te, entwickelt wurde. Sie wurde speziell f\u00fcr den Einsatz mit Scosches MagicMount\u2122 Produkten konzipiert, um eine optimale L\u00f6sung f\u00fcr den Freisprechbetrieb Ihres Ger\u00e4ts zu bieten.<\/p>\n<p>&nbsp;<\/p>\n<p>Presidio MOUNT verf\u00fcgt \u00fcber zwei Stahlpl\u00e4ttchen, die strategisch zwischen den zwei Schutzschichten der H\u00fclle positioniert und eingebettet sind. So braucht der Benutzer keine Metallpl\u00e4ttchen zu installieren und eine sichere Anbringung des Handys ist gew\u00e4hrleistet. Weil sie in die H\u00fclle eingebettet sind, sind die Metallpl\u00e4ttchen nicht sichtbar und werden keine Kratzer auf dem Ger\u00e4t verursachen. Au\u00dferdem sind sie in optimaler Position vorinstalliert, um Interferenzen beim kabellosen Aufladen zu vermeiden.<\/p>\n<p>&nbsp;<\/p>\n<p>Die Presidio MOUNT wurde f\u00fcr das iPhone X, iPhone 8 Plus\/ 7 Plus\/ 6s Plus\/ 6 Plus entworfen und ist mit allen MagicMount-Systemen von Scosche kompatibel.<\/p>\n<p><a href=\"http:\/\/media.speckproducts.eu\/blog\/wp-content\/uploads\/2018\/01\/PresidioMount_iPhone8Plus_FAM.jpg\"><img loading=\"lazy\" decoding=\"async\" class=\"aligncenter size-full wp-image-530\" src=\"http:\/\/media.speckproducts.eu\/blog\/wp-content\/uploads\/2018\/01\/PresidioMount_iPhone8Plus_FAM.jpg\" alt=\"\" width=\"1500\" height=\"1500\" \/><\/a><\/p>\n<p><em>Presidio Mount f\u00fcr iPhone X. Klicken Sie, um den Download zu starten.<\/em><\/p>\n<p><strong>Presidio MOUNT Merkmale:<\/strong><\/p>\n<ul>\n<li>Nahtlose Anbringung: Presidio MOUNT ist eine subtile und nahtlose Anbringungsl\u00f6sung, die daf\u00fcr sorgt, dass Sie keine Metallpl\u00e4ttchen auf Ihrem Ger\u00e4t oder auf Ihrer Schutzh\u00fclle installieren m\u00fcssen.<\/li>\n<li>Kabelloses Aufladen: Eingebettete Metallpl\u00e4ttchen werden das kabellose Aufladen nicht beeintr\u00e4chtigen.<\/li>\n<li>Sturzgetestet aus 3 Metern: Zwei Schutzschichten verhindern Sch\u00e4den von allt\u00e4glichen St\u00fcrzen aus bis zu 3 Metern.<\/li>\n<li>IMPACTIUM Aufprallbarriere: Rippen am Inneren der H\u00fclle komprimieren sich beim Aufprall, um die beim Sto\u00df einwirkenden Kr\u00e4fte zu absorbieren sowie abzufedern.<\/li>\n<\/ul>\n<p><a href=\"http:\/\/media.speckproducts.com\/blog\/wp-content\/uploads\/2018\/01\/Presidio-MOUNT-Images-Press.zip\">Bilder<\/a><\/p>\n","protected":false},"excerpt":{"rendered":"<p>Presidio MOUNT ist eine Schutzh\u00fclle, die in Partnerschaft mit Scosche, dem f\u00fchrenden Hersteller von Magnethalterungen f\u00fcr Mobilger\u00e4te, entwickelt wurde. Sie wurde speziell f\u00fcr den Einsatz mit Scosches MagicMount\u2122 Produkten konzipiert, um eine optimale L\u00f6sung f\u00fcr den Freisprechbetrieb Ihres Ger\u00e4ts zu bieten. &nbsp; Presidio MOUNT verf\u00fcgt \u00fcber zwei Stahlpl\u00e4ttchen, die strategisch zwischen den zwei Schutzschichten der &hellip;<\/p>\n","protected":false},"author":5,"featured_media":0,"parent":75,"menu_order":0,"comment_status":"closed","ping_status":"closed","template":"","meta":{"footnotes":""},"class_list":["post-521","page","type-page","status-publish","hentry"],"_links":{"self":[{"href":"http:\/\/media.speckproducts.eu\/index.php\/wp-json\/wp\/v2\/pages\/521","targetHints":{"allow":["GET"]}}],"collection":[{"href":"http:\/\/media.speckproducts.eu\/index.php\/wp-json\/wp\/v2\/pages"}],"about":[{"href":"http:\/\/media.speckproducts.eu\/index.php\/wp-json\/wp\/v2\/types\/page"}],"author":[{"embeddable":true,"href":"http:\/\/media.speckproducts.eu\/index.php\/wp-json\/wp\/v2\/users\/5"}],"replies":[{"embeddable":true,"href":"http:\/\/media.speckproducts.eu\/index.php\/wp-json\/wp\/v2\/comments?post=521"}],"version-history":[{"count":8,"href":"http:\/\/media.speckproducts.eu\/index.php\/wp-json\/wp\/v2\/pages\/521\/revisions"}],"predecessor-version":[{"id":645,"href":"http:\/\/media.speckproducts.eu\/index.php\/wp-json\/wp\/v2\/pages\/521\/revisions\/645"}],"up":[{"embeddable":true,"href":"http:\/\/media.speckproducts.eu\/index.php\/wp-json\/wp\/v2\/pages\/75"}],"wp:attachment":[{"href":"http:\/\/media.speckproducts.eu\/index.php\/wp-json\/wp\/v2\/media?parent=521"}],"curies":[{"name":"wp","href":"https:\/\/api.w.org\/{rel}","templated":true}]}}