{"id":584,"date":"2018-02-26T15:36:45","date_gmt":"2018-02-26T15:36:45","guid":{"rendered":"http:\/\/media.speckproducts.eu\/?page_id=584"},"modified":"2018-02-26T15:38:39","modified_gmt":"2018-02-26T15:38:39","slug":"samsung-galaxy-s9-et-s9-dossier-de-presse","status":"publish","type":"page","link":"http:\/\/media.speckproducts.eu\/index.php\/french\/samsung-galaxy-s9-et-s9-dossier-de-presse\/","title":{"rendered":"Samsung Galaxy S9 et S9+ Dossier de Presse"},"content":{"rendered":"<p><a href=\"http:\/\/media.speckproducts.eu\/blog\/wp-content\/uploads\/2018\/02\/SA-Media_Banner.jpg\"><img loading=\"lazy\" decoding=\"async\" class=\"aligncenter size-full wp-image-561\" src=\"http:\/\/media.speckproducts.eu\/blog\/wp-content\/uploads\/2018\/02\/SA-Media_Banner.jpg\" alt=\"\" width=\"900\" height=\"396\" \/><\/a><\/p>\n<p><a href=\"http:\/\/media.speckproducts.com\/blog\/wp-content\/uploads\/2018\/02\/Samsung-Galaxy-S9-Press-Images_1.zip\">Samsung Galaxy S9 Visuels de Presse 1<\/a>\u00a0and\u00a0<a href=\"http:\/\/media.speckproducts.com\/blog\/wp-content\/uploads\/2018\/02\/Samsung-Galaxy-S9-Press-Images_2.zip\">2<\/a><\/p>\n<p><a href=\"http:\/\/media.speckproducts.com\/blog\/wp-content\/uploads\/2018\/02\/Samsung-Galaxy-S9-Press-Images_1-1.zip\">Samsung Galaxy S9+ Visuels de Presse 1<\/a>\u00a0and\u00a0<a href=\"http:\/\/media.speckproducts.com\/blog\/wp-content\/uploads\/2018\/02\/Samsung-Galaxy-S9-Press-Images_2-1.zip\">2<\/a><\/p>\n<h2>Pr\u00e9sentation de la coque Presidio FOLIO et Presidio FOLIO LEATHER pour Samsung Galaxy S9 et S9+<\/h2>\n<p>Presidio FOLIO est la premi\u00e8re coque \u00e0 rabat de Speck, con\u00e7ue pour r\u00e9sister aux chutes jusqu\u2019\u00e0 3\u00a0m de haut et dot\u00e9e d\u2019un porte-cartes, capable d\u2019accueillir jusqu&#8217;\u00e0 trois cartes. Cette coque \u00e0 rabat est un bon moyen de pr\u00e9server sa confidentialit\u00e9, tandis qu\u2019elle sert aussi de protection \u00e0 l&#8217;\u00e9cran. Un point tr\u00e8s important au vu des \u00e9crans en verre incurv\u00e9s des nouveaux Samsung.<\/p>\n<ul>\n<li>Porte-cartes int\u00e9gr\u00e9\u00a0: une fente discr\u00e8te sur la couverture ext\u00e9rieure de la coque est capable d\u2019accueillir jusqu&#8217;\u00e0 trois cartes<\/li>\n<li>Support de visionnage ajustable\u00a0: le rabat de la coque se transforme en support pour le visionnage de contenus sur mobile<\/li>\n<li>Confidentialit\u00e9\u00a0: pour garder votre \u00e9cran \u00e0 l\u2019abri des regards indiscrets<\/li>\n<li>R\u00e9sistance prouv\u00e9e aux chutes jusqu\u2019\u00e0 3\u00a0m de haut<\/li>\n<\/ul>\n<p>&nbsp;<\/p>\n<p><a href=\"http:\/\/media.speckproducts.eu\/blog\/wp-content\/uploads\/2018\/02\/Presidio_CLEAR_Samsung_Galaxy_S9_00001.jpg\"><img loading=\"lazy\" decoding=\"async\" class=\"alignleft wp-image-565\" src=\"http:\/\/media.speckproducts.eu\/blog\/wp-content\/uploads\/2018\/02\/Presidio_CLEAR_Samsung_Galaxy_S9_00001.jpg\" alt=\"\" width=\"500\" height=\"500\" \/><\/a><\/p>\n<p>&nbsp;<\/p>\n<p>&nbsp;<\/p>\n<p>&nbsp;<\/p>\n<p>&nbsp;<\/p>\n<p>&nbsp;<\/p>\n<p>&nbsp;<\/p>\n<p>&nbsp;<\/p>\n<p>&nbsp;<\/p>\n<p>&nbsp;<\/p>\n<p>&nbsp;<\/p>\n<p>&nbsp;<\/p>\n<p><strong>Presidio CLEAR<\/strong><\/p>\n<ul>\n<li><strong>Parfaitement transparente<\/strong> : Gr\u00e2ce \u00e0 une technologie innovante en micro-points, le #1 des ventes aux Etats-Unis est dot\u00e9 d\u2019une parfaite transparence.<\/li>\n<li><strong>R\u00e9sistante aux UV<\/strong>: La mati\u00e8re signature de la Presidio CLEAR r\u00e9siste au jaunissement d\u00fb \u00e0 l\u2019exposition aux UV.<\/li>\n<li><strong>R\u00e9sistance prouv\u00e9e aux chutes de 2,4 m\u00e8tres de haut<\/strong> afin de conf\u00e9rer une protection sup\u00e9rieure.<\/li>\n<li><strong>IMPACTIUM\u2122 CLEAR<\/strong> : la coque Presidio CLEAR est dot\u00e9e d\u2019IMPACTIUM\u2122 CLEAR, un mat\u00e9riau dynamique innovant, qui absorbe et disperse les chocs lors de l\u2019impact.<\/li>\n<\/ul>\n<p><a href=\"http:\/\/media.speckproducts.eu\/blog\/wp-content\/uploads\/2018\/02\/Samsung_Grip_Family_EU.jpg\"><img loading=\"lazy\" decoding=\"async\" class=\"alignleft wp-image-566\" src=\"http:\/\/media.speckproducts.eu\/blog\/wp-content\/uploads\/2018\/02\/Samsung_Grip_Family_EU.jpg\" alt=\"\" width=\"500\" height=\"512\" \/><\/a><\/p>\n<p>&nbsp;<\/p>\n<p>&nbsp;<\/p>\n<p>&nbsp;<\/p>\n<p>&nbsp;<\/p>\n<p>&nbsp;<\/p>\n<p>&nbsp;<\/p>\n<p>&nbsp;<\/p>\n<p>&nbsp;<\/p>\n<p>&nbsp;<\/p>\n<p>&nbsp;<\/p>\n<p>&nbsp;<\/p>\n<p>&nbsp;<\/p>\n<p>&nbsp;<\/p>\n<p><strong>Presidio GRIP<\/strong><\/p>\n<ul>\n<li><strong>Meilleure prise en main<\/strong>: Avec un motif g\u00e9om\u00e9trique am\u00e9lior\u00e9, les imprim\u00e9s caoutchouc en relief offrent une encore meilleure prise en main.<\/li>\n<li><strong>R\u00e9sistance prouv\u00e9e aux chutes jusqu\u2019\u00e0 3 m\u00e8tres de haut<\/strong> afin de conf\u00e9rer une protection sup\u00e9rieure.<\/li>\n<li><strong>La barri\u00e8re amortissante IMPACTIUM\u2122\u00a0<\/strong>: Le mat\u00e9riau dynamique IMPACTIUM\u2122 de Speck est con\u00e7u pour absorber et r\u00e9partir les chocs lors de l\u2019impact. Les stries situ\u00e9es dans le contour int\u00e9rieur de la coque se compriment lors de l\u2019impact pour absorber et disperser les chocs.<\/li>\n<\/ul>\n<p><a href=\"http:\/\/media.speckproducts.eu\/blog\/wp-content\/uploads\/2018\/02\/Presidio_Samsung_Galaxy_S9_00001.jpg\"><img loading=\"lazy\" decoding=\"async\" class=\"alignleft wp-image-567\" src=\"http:\/\/media.speckproducts.eu\/blog\/wp-content\/uploads\/2018\/02\/Presidio_Samsung_Galaxy_S9_00001.jpg\" alt=\"\" width=\"500\" height=\"500\" \/><\/a><\/p>\n<p>&nbsp;<\/p>\n<p>&nbsp;<\/p>\n<p>&nbsp;<\/p>\n<p>&nbsp;<\/p>\n<p>&nbsp;<\/p>\n<p>&nbsp;<\/p>\n<p>&nbsp;<\/p>\n<p>&nbsp;<\/p>\n<p>&nbsp;<\/p>\n<p>&nbsp;<\/p>\n<p>&nbsp;<\/p>\n<p><strong>Presidio<\/strong><\/p>\n<ul>\n<li><strong>Protection sup\u00e9rieure et fine \u00e9paisseur<\/strong>: Presidio, c\u2019est la s\u00e9rie de coques les plus fines et robustes de Speck.<\/li>\n<li><strong>R\u00e9sistance prouv\u00e9e contre les chutes jusqu\u2019\u00e0 3 m\u00e8tres de haut<\/strong>, afin de conf\u00e9rer une protection sup\u00e9rieure.<\/li>\n<li><strong>La barri\u00e8re amortissante IMPACTIUM\u2122<\/strong>: Le mat\u00e9riau dynamique IMPACTIUM\u2122 de Speck est con\u00e7u pour absorber et r\u00e9partir les chocs lors de l\u2019impact. Les stries situ\u00e9es dans le contour int\u00e9rieur de la coque se compriment lors de l\u2019impact pour absorber et disperser les chocs.<\/li>\n<\/ul>\n<p><a href=\"http:\/\/media.speckproducts.eu\/blog\/wp-content\/uploads\/2018\/02\/Samsung_Glitter_Family_EU.jpg\"><img loading=\"lazy\" decoding=\"async\" class=\"alignleft wp-image-568\" src=\"http:\/\/media.speckproducts.eu\/blog\/wp-content\/uploads\/2018\/02\/Samsung_Glitter_Family_EU.jpg\" alt=\"\" width=\"500\" height=\"512\" \/><\/a><\/p>\n<p>&nbsp;<\/p>\n<p>&nbsp;<\/p>\n<p>&nbsp;<\/p>\n<p>&nbsp;<\/p>\n<p>&nbsp;<\/p>\n<p>&nbsp;<\/p>\n<p>&nbsp;<\/p>\n<p>&nbsp;<\/p>\n<p>&nbsp;<\/p>\n<p>&nbsp;<\/p>\n<p>&nbsp;<\/p>\n<p><strong>Presidio CLEAR + GLITTER<\/strong><\/p>\n<ul>\n<li><strong>R\u00e9sistance prouv\u00e9e contre les chutes de 2,4 m\u00e8tres de haut<\/strong>, afin de conf\u00e9rer une protection sup\u00e9rieure.<\/li>\n<li><strong>IMPACTIUM\u2122 CLEAR<\/strong> : la coque Presidio CLEAR + GLITTER est dot\u00e9e d\u2019IMPACTIUM\u2122 CLEAR, un mat\u00e9riau dynamique innovant, qui absorbe et disperse les chocs lors de l\u2019impact.<\/li>\n<li><strong>Paillettes int\u00e9gr\u00e9es dans la mati\u00e8re,<\/strong>qui ajoutent du gloss et ne se d\u00e9tachent pas avec le temps<\/li>\n<li><strong>Protection contre les rayures<\/strong>: Une surcouche transparente \u00e0 l&#8217;ext\u00e9rieur de la coque permet de r\u00e9sister aux rayures.<\/li>\n<\/ul>\n<p>Toutes les coques de la s\u00e9rie Presidio sont dot\u00e9es d\u2019IMPACTIUM, un mat\u00e9riau dynamique \u00e0 base de caoutchouc qui absorbe et disperse les chocs :<\/p>\n<p>Les coques Presidio, Presidio GRIP, Presidio FOLIO et Presidio FOLIO LEATHER sont dot\u00e9es de la <strong>barri\u00e8re amortissante IMPACTIUM\u2122<\/strong>, une bande de stries situ\u00e9e dans le contour int\u00e9rieur de la coque, qui se comprime lors de l\u2019impact pour absorber et disperser les chocs.<\/p>\n<p>Les coques Presidio CLEAR et Presidio CLEAR + GLITTER sont dot\u00e9es d\u2019une couche d\u2019<strong>IMPACTIUM\u2122 CLEAR<\/strong> sur la surface et les bords int\u00e9rieurs de la coque pour absorber et disperser le choc.<\/p>\n<p>Afin de conf\u00e9rer une protection encore plus importante, Speck va au-del\u00e0 des normes de r\u00e9sistance contre les chutes d\u00e9finies pour ses anciens mod\u00e8les.<\/p>\n<ul>\n<li>Les coques Presidio, Presidio GRIP, Presidio FOLIO et Presidio FOLIO LEATHER sont prouv\u00e9es de r\u00e9sister aux chutes jusqu\u2019\u00e0 3 m\u00e8tres de haut.<\/li>\n<li>Les coques Presidio CLEAR, Presidio CLEAR + GLITTER sont prouv\u00e9es de r\u00e9sister aux chutes jusqu\u2019\u00e0 2,4 m\u00e8tres de haut.<\/li>\n<\/ul>\n","protected":false},"excerpt":{"rendered":"<p>Samsung Galaxy S9 Visuels de Presse 1\u00a0and\u00a02 Samsung Galaxy S9+ Visuels de Presse 1\u00a0and\u00a02 Pr\u00e9sentation de la coque Presidio FOLIO et Presidio FOLIO LEATHER pour Samsung Galaxy S9 et S9+ Presidio FOLIO est la premi\u00e8re coque \u00e0 rabat de Speck, con\u00e7ue pour r\u00e9sister aux chutes jusqu\u2019\u00e0 3\u00a0m de haut et dot\u00e9e d\u2019un porte-cartes, capable d\u2019accueillir &hellip;<\/p>\n","protected":false},"author":5,"featured_media":0,"parent":53,"menu_order":1,"comment_status":"closed","ping_status":"closed","template":"","meta":{"footnotes":""},"class_list":["post-584","page","type-page","status-publish","hentry"],"_links":{"self":[{"href":"http:\/\/media.speckproducts.eu\/index.php\/wp-json\/wp\/v2\/pages\/584","targetHints":{"allow":["GET"]}}],"collection":[{"href":"http:\/\/media.speckproducts.eu\/index.php\/wp-json\/wp\/v2\/pages"}],"about":[{"href":"http:\/\/media.speckproducts.eu\/index.php\/wp-json\/wp\/v2\/types\/page"}],"author":[{"embeddable":true,"href":"http:\/\/media.speckproducts.eu\/index.php\/wp-json\/wp\/v2\/users\/5"}],"replies":[{"embeddable":true,"href":"http:\/\/media.speckproducts.eu\/index.php\/wp-json\/wp\/v2\/comments?post=584"}],"version-history":[{"count":4,"href":"http:\/\/media.speckproducts.eu\/index.php\/wp-json\/wp\/v2\/pages\/584\/revisions"}],"predecessor-version":[{"id":588,"href":"http:\/\/media.speckproducts.eu\/index.php\/wp-json\/wp\/v2\/pages\/584\/revisions\/588"}],"up":[{"embeddable":true,"href":"http:\/\/media.speckproducts.eu\/index.php\/wp-json\/wp\/v2\/pages\/53"}],"wp:attachment":[{"href":"http:\/\/media.speckproducts.eu\/index.php\/wp-json\/wp\/v2\/media?parent=584"}],"curies":[{"name":"wp","href":"https:\/\/api.w.org\/{rel}","templated":true}]}}